{"id":73,"date":"2023-08-20T15:19:14","date_gmt":"2023-08-20T15:19:14","guid":{"rendered":"https:\/\/www.lager8.no\/?page_id=73"},"modified":"2025-01-22T09:10:50","modified_gmt":"2025-01-22T09:10:50","slug":"2-etasje","status":"publish","type":"page","link":"https:\/\/www.lager8.no\/wordpress\/2-etasje\/","title":{"rendered":"2 Etasje"},"content":{"rendered":"\n<p><strong>UTLEID <\/strong><br><br>84 kvm lokale, kontor, atelier, studio.<\/p>\n\n\n\n<figure class=\"wp-block-image size-large\"><img loading=\"lazy\" decoding=\"async\" width=\"1024\" height=\"768\" src=\"https:\/\/www.lager8.no\/wp-content\/uploads\/2023\/08\/IMG_2692-1024x768.jpeg\" alt=\"\" class=\"wp-image-100\" srcset=\"https:\/\/www.lager8.no\/wordpress\/wp-content\/uploads\/2023\/08\/IMG_2692-1024x768.jpeg 1024w, https:\/\/www.lager8.no\/wordpress\/wp-content\/uploads\/2023\/08\/IMG_2692-300x225.jpeg 300w, https:\/\/www.lager8.no\/wordpress\/wp-content\/uploads\/2023\/08\/IMG_2692-768x576.jpeg 768w, https:\/\/www.lager8.no\/wordpress\/wp-content\/uploads\/2023\/08\/IMG_2692-1536x1152.jpeg 1536w, https:\/\/www.lager8.no\/wordpress\/wp-content\/uploads\/2023\/08\/IMG_2692.jpeg 2000w\" sizes=\"auto, (max-width: 767px) 89vw, (max-width: 1000px) 54vw, (max-width: 1071px) 543px, 580px\" \/><\/figure>\n\n\n\n<figure class=\"wp-block-image size-large\"><img loading=\"lazy\" decoding=\"async\" width=\"1024\" height=\"768\" src=\"https:\/\/www.lager8.no\/wp-content\/uploads\/2023\/08\/IMG_2692-1-1024x768.jpeg\" alt=\"\" class=\"wp-image-101\" srcset=\"https:\/\/www.lager8.no\/wordpress\/wp-content\/uploads\/2023\/08\/IMG_2692-1-1024x768.jpeg 1024w, https:\/\/www.lager8.no\/wordpress\/wp-content\/uploads\/2023\/08\/IMG_2692-1-300x225.jpeg 300w, https:\/\/www.lager8.no\/wordpress\/wp-content\/uploads\/2023\/08\/IMG_2692-1-768x576.jpeg 768w, https:\/\/www.lager8.no\/wordpress\/wp-content\/uploads\/2023\/08\/IMG_2692-1-1536x1152.jpeg 1536w, https:\/\/www.lager8.no\/wordpress\/wp-content\/uploads\/2023\/08\/IMG_2692-1.jpeg 2000w\" sizes=\"auto, (max-width: 767px) 89vw, (max-width: 1000px) 54vw, (max-width: 1071px) 543px, 580px\" \/><\/figure>\n\n\n\n<p><br>LAGERHALL<br><br>6 lagerboder p\u00e5 90 kvm, kan kombineres til st\u00f8rre lager.  8 lagerboder p\u00e5 10 \/ 20 kvm oppf\u00f8res h\u00f8sten 2023.<\/p>\n\n\n\n<figure class=\"wp-block-image size-large\"><img decoding=\"async\" src=\"https:\/\/scontent.fbgo1-1.fna.fbcdn.net\/v\/t39.30808-6\/334418621_222888373521855_257854543002503345_n.jpg?_nc_cat=109&amp;ccb=1-7&amp;_nc_sid=730e14&amp;_nc_ohc=397K-sFApjcAX9FedLJ&amp;_nc_ht=scontent.fbgo1-1.fna&amp;oh=00_AfBdsS9ie3SYtUsXvixwD0mfyebRuioAMkTsxpjRG8cGqw&amp;oe=64E78724\" alt=\"\"\/><\/figure>\n\n\n\n<figure class=\"wp-block-image size-large\"><img loading=\"lazy\" decoding=\"async\" width=\"1024\" height=\"551\" src=\"https:\/\/www.lager8.no\/wp-content\/uploads\/2023\/08\/311594899_421417093494433_8834160293430341024_n-1-1024x551.jpg\" alt=\"\" class=\"wp-image-77\" srcset=\"https:\/\/www.lager8.no\/wordpress\/wp-content\/uploads\/2023\/08\/311594899_421417093494433_8834160293430341024_n-1-1024x551.jpg 1024w, https:\/\/www.lager8.no\/wordpress\/wp-content\/uploads\/2023\/08\/311594899_421417093494433_8834160293430341024_n-1-300x161.jpg 300w, https:\/\/www.lager8.no\/wordpress\/wp-content\/uploads\/2023\/08\/311594899_421417093494433_8834160293430341024_n-1-768x413.jpg 768w, https:\/\/www.lager8.no\/wordpress\/wp-content\/uploads\/2023\/08\/311594899_421417093494433_8834160293430341024_n-1-1536x826.jpg 1536w, https:\/\/www.lager8.no\/wordpress\/wp-content\/uploads\/2023\/08\/311594899_421417093494433_8834160293430341024_n-1.jpg 1644w\" sizes=\"auto, (max-width: 767px) 89vw, (max-width: 1000px) 54vw, (max-width: 1071px) 543px, 580px\" \/><\/figure>\n","protected":false},"excerpt":{"rendered":"<p>UTLEID 84 kvm lokale, kontor, atelier, studio. LAGERHALL 6 lagerboder p\u00e5 90 kvm, kan kombineres til st\u00f8rre lager. 8 lagerboder p\u00e5 10 \/ 20 kvm oppf\u00f8res h\u00f8sten 2023.<\/p>\n","protected":false},"author":1,"featured_media":0,"parent":0,"menu_order":0,"comment_status":"closed","ping_status":"closed","template":"","meta":{"footnotes":""},"class_list":["post-73","page","type-page","status-publish","hentry"],"_links":{"self":[{"href":"https:\/\/www.lager8.no\/wordpress\/wp-json\/wp\/v2\/pages\/73","targetHints":{"allow":["GET"]}}],"collection":[{"href":"https:\/\/www.lager8.no\/wordpress\/wp-json\/wp\/v2\/pages"}],"about":[{"href":"https:\/\/www.lager8.no\/wordpress\/wp-json\/wp\/v2\/types\/page"}],"author":[{"embeddable":true,"href":"https:\/\/www.lager8.no\/wordpress\/wp-json\/wp\/v2\/users\/1"}],"replies":[{"embeddable":true,"href":"https:\/\/www.lager8.no\/wordpress\/wp-json\/wp\/v2\/comments?post=73"}],"version-history":[{"count":7,"href":"https:\/\/www.lager8.no\/wordpress\/wp-json\/wp\/v2\/pages\/73\/revisions"}],"predecessor-version":[{"id":147,"href":"https:\/\/www.lager8.no\/wordpress\/wp-json\/wp\/v2\/pages\/73\/revisions\/147"}],"wp:attachment":[{"href":"https:\/\/www.lager8.no\/wordpress\/wp-json\/wp\/v2\/media?parent=73"}],"curies":[{"name":"wp","href":"https:\/\/api.w.org\/{rel}","templated":true}]}}